{"id":510,"date":"2020-05-26T10:10:37","date_gmt":"2020-05-26T10:10:37","guid":{"rendered":"http:\/\/ce-dokumentation.de\/?page_id=510"},"modified":"2024-02-28T17:44:10","modified_gmt":"2024-02-28T17:44:10","slug":"qualifikationen","status":"publish","type":"page","link":"https:\/\/logic-control.de\/en\/qualifikationen","title":{"rendered":"Qualifications"},"content":{"rendered":"<div data-elementor-type=\"wp-page\" data-elementor-id=\"510\" class=\"elementor elementor-510\">\n\t\t\t\t\t\t\t\t\t<section class=\"elementor-section elementor-top-section elementor-element elementor-element-799fc1ce elementor-section-full_width elementor-section-height-default elementor-section-height-default\" data-id=\"799fc1ce\" data-element_type=\"section\" data-settings=\"{&quot;background_background&quot;:&quot;classic&quot;,&quot;background_motion_fx_motion_fx_scrolling&quot;:&quot;yes&quot;,&quot;background_motion_fx_translateY_effect&quot;:&quot;yes&quot;,&quot;background_motion_fx_translateY_speed&quot;:{&quot;unit&quot;:&quot;px&quot;,&quot;size&quot;:5.1,&quot;sizes&quot;:[]},&quot;background_motion_fx_blur_effect&quot;:&quot;yes&quot;,&quot;background_motion_fx_blur_level&quot;:{&quot;unit&quot;:&quot;px&quot;,&quot;size&quot;:2,&quot;sizes&quot;:[]},&quot;background_motion_fx_translateY_direction&quot;:&quot;negative&quot;,&quot;background_motion_fx_blur_direction&quot;:&quot;in-out&quot;,&quot;background_motion_fx_blur_range&quot;:{&quot;unit&quot;:&quot;%&quot;,&quot;size&quot;:&quot;&quot;,&quot;sizes&quot;:{&quot;start&quot;:0,&quot;end&quot;:100}},&quot;background_motion_fx_devices&quot;:[&quot;desktop&quot;],&quot;background_motion_fx_translateY_affectedRange&quot;:{&quot;unit&quot;:&quot;%&quot;,&quot;size&quot;:&quot;&quot;,&quot;sizes&quot;:{&quot;start&quot;:0,&quot;end&quot;:100}}}\">\n\t\t\t\t\t\t\t<div class=\"elementor-background-overlay\"><\/div>\n\t\t\t\t\t\t\t<div class=\"elementor-container elementor-column-gap-default\">\n\t\t\t\t\t<div class=\"elementor-column elementor-col-100 elementor-top-column elementor-element elementor-element-1b0d1913\" data-id=\"1b0d1913\" data-element_type=\"column\">\n\t\t\t<div class=\"elementor-widget-wrap elementor-element-populated\">\n\t\t\t\t\t\t\t\t<div class=\"elementor-element elementor-element-29814446 elementor-widget elementor-widget-heading\" data-id=\"29814446\" data-element_type=\"widget\" data-widget_type=\"heading.default\">\n\t\t\t\t<div class=\"elementor-widget-container\">\n\t\t\t<h1 class=\"elementor-heading-title elementor-size-default\">Our qualifications<\/h1>\t\t<\/div>\n\t\t\t\t<\/div>\n\t\t\t\t\t<\/div>\n\t\t<\/div>\n\t\t\t\t\t\t\t<\/div>\n\t\t<\/section>\n\t\t\t\t<section class=\"elementor-section elementor-top-section elementor-element elementor-element-15088359 elementor-section-content-middle elementor-section-boxed elementor-section-height-default elementor-section-height-default\" data-id=\"15088359\" data-element_type=\"section\">\n\t\t\t\t\t\t<div class=\"elementor-container elementor-column-gap-no\">\n\t\t\t\t\t<div class=\"elementor-column elementor-col-100 elementor-top-column elementor-element elementor-element-6cc77003\" data-id=\"6cc77003\" data-element_type=\"column\">\n\t\t\t<div class=\"elementor-widget-wrap elementor-element-populated\">\n\t\t\t\t\t\t\t\t<div class=\"elementor-element elementor-element-60706867 elementor-headline--style-highlight elementor-widget elementor-widget-animated-headline\" data-id=\"60706867\" data-element_type=\"widget\" data-settings=\"{&quot;highlighted_text&quot;:&quot;Sicherheit&quot;,&quot;headline_style&quot;:&quot;highlight&quot;,&quot;marker&quot;:&quot;circle&quot;,&quot;loop&quot;:&quot;yes&quot;,&quot;highlight_animation_duration&quot;:1200,&quot;highlight_iteration_delay&quot;:8000}\" data-no-translation=\"\" data-widget_type=\"animated-headline.default\">\n\t\t\t\t<div class=\"elementor-widget-container\">\n\t\t\t<style>.elementor-element-60706867{display:none !important}<\/style>\t\t<\/div>\n\t\t\t\t<\/div>\n\t\t\t\t<div class=\"elementor-element elementor-element-2d7dc63b elementor-widget elementor-widget-text-editor\" data-id=\"2d7dc63b\" data-element_type=\"widget\" data-widget_type=\"text-editor.default\">\n\t\t\t\t<div class=\"elementor-widget-container\">\n\t\t\t\t\t\t\t<p style=\"text-align: center;\">In order to stay up to date for our customers and to broaden our horizons, the regular training of our team is a top priority.<\/p>\t\t\t\t\t\t<\/div>\n\t\t\t\t<\/div>\n\t\t\t\t\t<\/div>\n\t\t<\/div>\n\t\t\t\t\t\t\t<\/div>\n\t\t<\/section>\n\t\t\t\t<section class=\"elementor-section elementor-top-section elementor-element elementor-element-32d925b elementor-section-boxed elementor-section-height-default elementor-section-height-default\" data-id=\"32d925b\" data-element_type=\"section\">\n\t\t\t\t\t\t<div class=\"elementor-container elementor-column-gap-default\">\n\t\t\t\t\t<div class=\"elementor-column elementor-col-100 elementor-top-column elementor-element elementor-element-e60a63b\" data-id=\"e60a63b\" data-element_type=\"column\">\n\t\t\t<div class=\"elementor-widget-wrap elementor-element-populated\">\n\t\t\t\t\t\t\t\t<div class=\"elementor-element elementor-element-dfd0865 elementor-widget elementor-widget-text-editor\" data-id=\"dfd0865\" data-element_type=\"widget\" data-widget_type=\"text-editor.default\">\n\t\t\t\t<div class=\"elementor-widget-container\">\n\t\t\t\t\t\t\t<p>Specialist consultant for safety technology in mechanical and plant engineering (VDI)<\/p><p>CE Coordinator (T\u00dcV Nord)<\/p><p>CE marking in mechanical and plant engineering (T\u00dcV Nord)<\/p><p>Functional safety on machines (T\u00dcV-Rheinland)<\/p><p>Safety \"put into service\" KUKA.SafeOperation<\/p><p>IRC 5 special course - SafeMove (ABB Robotics)<\/p><p>Testing of stationary electrical plants and repeat testing of machines (FORUM Verlag Herkert GmbH)<\/p><p>CE marking - current legal situation and outlook on upcoming innovations<\/p><p>SIMATIC failsafe programming with STEP 7 Safety in the TIA Portal<\/p><p>Business English Certificate (B1) \u2013 University of Cambridge<\/p><p>Failure Mode and Effect Analysis (FMEA) - Ford Education and Training<\/p><p>Global 8D - Ford Education and Training<\/p><p>Project management basic knowledge intensive - Haufe Akademie<\/p><p>Successful project management - Haufe Akademie<\/p><p>Certified Associate in Project Management (CAPM) \u2013 PMI<\/p>\t\t\t\t\t\t<\/div>\n\t\t\t\t<\/div>\n\t\t\t\t\t<\/div>\n\t\t<\/div>\n\t\t\t\t\t\t\t<\/div>\n\t\t<\/section>\n\t\t\t\t<section class=\"elementor-section elementor-top-section elementor-element elementor-element-5b53ebc4 elementor-section-content-middle elementor-section-boxed elementor-section-height-default elementor-section-height-default\" data-id=\"5b53ebc4\" data-element_type=\"section\">\n\t\t\t\t\t\t<div class=\"elementor-container elementor-column-gap-no\">\n\t\t\t\t\t<div class=\"elementor-column elementor-col-100 elementor-top-column elementor-element elementor-element-14d1d6b6\" data-id=\"14d1d6b6\" data-element_type=\"column\">\n\t\t\t<div class=\"elementor-widget-wrap elementor-element-populated\">\n\t\t\t\t\t\t\t\t<div class=\"elementor-element elementor-element-22a0a57e elementor-widget elementor-widget-text-editor\" data-id=\"22a0a57e\" data-element_type=\"widget\" data-widget_type=\"text-editor.default\">\n\t\t\t\t<div class=\"elementor-widget-container\">\n\t\t\t\t\t\t\t\t\t\t\t\t\t<\/div>\n\t\t\t\t<\/div>\n\t\t\t\t\t<\/div>\n\t\t<\/div>\n\t\t\t\t\t\t\t<\/div>\n\t\t<\/section>\n\t\t\t\t<section class=\"elementor-section elementor-top-section elementor-element elementor-element-74b2cb6e elementor-section-full_width elementor-section-height-default elementor-section-height-default\" data-id=\"74b2cb6e\" data-element_type=\"section\">\n\t\t\t\t\t\t<div class=\"elementor-container elementor-column-gap-no\">\n\t\t\t\t\t<div class=\"elementor-column elementor-col-50 elementor-top-column elementor-element elementor-element-6e969687\" data-id=\"6e969687\" data-element_type=\"column\">\n\t\t\t<div class=\"elementor-widget-wrap\">\n\t\t\t\t\t\t\t\t\t<\/div>\n\t\t<\/div>\n\t\t\t\t<div class=\"elementor-column elementor-col-50 elementor-top-column elementor-element elementor-element-95c01b2\" data-id=\"95c01b2\" data-element_type=\"column\">\n\t\t\t<div class=\"elementor-widget-wrap elementor-element-populated\">\n\t\t\t\t\t\t\t\t<div class=\"elementor-element elementor-element-318df0d6 elementor-invisible elementor-widget elementor-widget-image\" data-id=\"318df0d6\" data-element_type=\"widget\" data-settings=\"{&quot;sticky&quot;:&quot;bottom&quot;,&quot;sticky_on&quot;:[&quot;desktop&quot;,&quot;tablet&quot;],&quot;sticky_offset&quot;:30,&quot;_animation&quot;:&quot;rollIn&quot;,&quot;sticky_effects_offset&quot;:0}\" data-widget_type=\"image.default\">\n\t\t\t\t<div class=\"elementor-widget-container\">\n\t\t\t\t\t\t\t\t\t\t\t\t\t\t\t\t<a href=\"https:\/\/logic-control.de\/en\/kontakt\/\">\n\t\t\t\t\t\t\t<img loading=\"lazy\" decoding=\"async\" width=\"475\" height=\"476\" src=\"https:\/\/logic-control.de\/wp-content\/uploads\/2020\/05\/Button-Kontaktieren-Sie-Uns-1.png\" class=\"elementor-animation-shrink attachment-large size-large wp-image-555\" alt=\"\" srcset=\"https:\/\/logic-control.de\/wp-content\/uploads\/2020\/05\/Button-Kontaktieren-Sie-Uns-1.png 475w, https:\/\/logic-control.de\/wp-content\/uploads\/2020\/05\/Button-Kontaktieren-Sie-Uns-1-300x300.png 300w, https:\/\/logic-control.de\/wp-content\/uploads\/2020\/05\/Button-Kontaktieren-Sie-Uns-1-150x150.png 150w\" sizes=\"(max-width: 475px) 100vw, 475px\" \/>\t\t\t\t\t\t\t\t<\/a>\n\t\t\t\t\t\t\t\t\t\t\t\t\t\t\t<\/div>\n\t\t\t\t<\/div>\n\t\t\t\t\t<\/div>\n\t\t<\/div>\n\t\t\t\t\t\t\t<\/div>\n\t\t<\/section>\n\t\t\t\t\t\t\t<\/div>","protected":false},"excerpt":{"rendered":"<p>Unsere Qualifikationen Mit Sicherheit eine kompetente Wahl Um f\u00fcr unsere Kunden immer auf dem aktuellsten Stand zu bleiben und um unseren Horizont zu erweitern, steht die regelm\u00e4\u00dfige Fortbildung unseres Teams an oberster Stelle. Fachreferent f\u00fcr Sicherheitstechnik im Maschinen- und Analgenbau (VDI) CE-Koordinator (T\u00dcV Nord) CE-Kennzeichnung im Maschinen- und Anlagenbau (T\u00dcV Nord) Funktionale Sicherheit an Maschinen [&hellip;]<\/p>","protected":false},"author":1,"featured_media":0,"parent":0,"menu_order":0,"comment_status":"closed","ping_status":"closed","template":"","meta":{"footnotes":""},"_links":{"self":[{"href":"https:\/\/logic-control.de\/en\/wp-json\/wp\/v2\/pages\/510"}],"collection":[{"href":"https:\/\/logic-control.de\/en\/wp-json\/wp\/v2\/pages"}],"about":[{"href":"https:\/\/logic-control.de\/en\/wp-json\/wp\/v2\/types\/page"}],"author":[{"embeddable":true,"href":"https:\/\/logic-control.de\/en\/wp-json\/wp\/v2\/users\/1"}],"replies":[{"embeddable":true,"href":"https:\/\/logic-control.de\/en\/wp-json\/wp\/v2\/comments?post=510"}],"version-history":[{"count":20,"href":"https:\/\/logic-control.de\/en\/wp-json\/wp\/v2\/pages\/510\/revisions"}],"predecessor-version":[{"id":1852,"href":"https:\/\/logic-control.de\/en\/wp-json\/wp\/v2\/pages\/510\/revisions\/1852"}],"wp:attachment":[{"href":"https:\/\/logic-control.de\/en\/wp-json\/wp\/v2\/media?parent=510"}],"curies":[{"name":"wp","href":"https:\/\/api.w.org\/{rel}","templated":true}]}}